{"id":4,"date":"2011-06-06T03:53:01","date_gmt":"2011-06-06T03:53:01","guid":{"rendered":"http:\/\/paroladonore.it\/test\/vpc\/?page_id=4"},"modified":"2025-09-24T02:51:10","modified_gmt":"2025-09-24T02:51:10","slug":"chi-siamo","status":"publish","type":"page","link":"https:\/\/ilvaloredellepiccolecose.it\/?page_id=4","title":{"rendered":"Chi siamo"},"content":{"rendered":"<p><span style=\"color: #000000;\"><strong>Presidente Fondatore:<\/strong><\/span><\/p>\n<p><em>Vanessa Seffer &#8211; presidenza@ilvaloredellepiccolecose.it<\/em><\/p>\n<p>&nbsp;<\/p>\n<p><span style=\"color: #000000;\"><strong>Soci Fondatori:<\/strong><\/span><\/p>\n<p><em>Pasquale Hamel, Giacomo Greco, Vanessa Seffer.&nbsp;<\/em><\/p>\n<p>&nbsp;<\/p>\n<p><span style=\"color: #000000;\"><strong>Aree di approfondimento:<\/strong><\/span><\/p>\n<p>Legalit\u00e0 e Giustizia<\/p>\n<p>Immigrazione<\/p>\n<p>Animali<\/p>\n<p>Sociale (anziani, famiglia, ragazze madri, senzatetto, diritto del fanciullo, violenze in famiglia)<\/p>\n<p>Ambiente<\/p>\n<p>Scuola e Universit\u00e0<\/p>\n<p>Sanit\u00e0 e Welfare<\/p>\n<p>Formazione<\/p>\n<p>Sport in Citt\u00e0<\/p>\n<p>Pari Opportunit\u00e0 e non discriminazione<\/p>\n<p>Cultura<\/p>\n<p>Mondo militare<\/p>\n<p>Criminologia<\/p>\n<p>Economia e finanza<\/p>\n<p>&nbsp;<\/p>\n<p><span style=\"color: #000000;\"><strong>Responsabile Sede di Roma:<\/strong><\/span><\/p>\n<p><em>Gen. Carmelo Burgio<\/em><\/p>\n<p>&nbsp;<\/p>\n<p><strong>info@ilvaloredellepiccolecose.it<\/strong><\/p>\n<p>&nbsp;<\/p>\n","protected":false},"excerpt":{"rendered":"<p>Presidente Fondatore: Vanessa Seffer &#8211; presidenza@ilvaloredellepiccolecose.it &nbsp; Soci Fondatori: Pasquale Hamel, Giacomo Greco, Vanessa Seffer.&nbsp; &nbsp; Aree di approfondimento: Legalit\u00e0 e Giustizia Immigrazione Animali Sociale (anziani, famiglia, ragazze madri, senzatetto, diritto del fanciullo, violenze in famiglia) Ambiente Scuola e Universit\u00e0 Sanit\u00e0 e Welfare Formazione Sport in Citt\u00e0 Pari Opportunit\u00e0 e non discriminazione Cultura Mondo militare &hellip; <a href=\"https:\/\/ilvaloredellepiccolecose.it\/?page_id=4\" class=\"more-link\">Continua la lettura di <span class=\"screen-reader-text\">Chi siamo<\/span> <span class=\"meta-nav\">&rarr;<\/span><\/a><\/p>\n","protected":false},"author":1,"featured_media":0,"parent":0,"menu_order":0,"comment_status":"open","ping_status":"open","template":"","meta":{"ngg_post_thumbnail":0,"footnotes":""},"class_list":["post-4","page","type-page","status-publish","hentry"],"_links":{"self":[{"href":"https:\/\/ilvaloredellepiccolecose.it\/index.php?rest_route=\/wp\/v2\/pages\/4","targetHints":{"allow":["GET"]}}],"collection":[{"href":"https:\/\/ilvaloredellepiccolecose.it\/index.php?rest_route=\/wp\/v2\/pages"}],"about":[{"href":"https:\/\/ilvaloredellepiccolecose.it\/index.php?rest_route=\/wp\/v2\/types\/page"}],"author":[{"embeddable":true,"href":"https:\/\/ilvaloredellepiccolecose.it\/index.php?rest_route=\/wp\/v2\/users\/1"}],"replies":[{"embeddable":true,"href":"https:\/\/ilvaloredellepiccolecose.it\/index.php?rest_route=%2Fwp%2Fv2%2Fcomments&post=4"}],"version-history":[{"count":24,"href":"https:\/\/ilvaloredellepiccolecose.it\/index.php?rest_route=\/wp\/v2\/pages\/4\/revisions"}],"predecessor-version":[{"id":3095,"href":"https:\/\/ilvaloredellepiccolecose.it\/index.php?rest_route=\/wp\/v2\/pages\/4\/revisions\/3095"}],"wp:attachment":[{"href":"https:\/\/ilvaloredellepiccolecose.it\/index.php?rest_route=%2Fwp%2Fv2%2Fmedia&parent=4"}],"curies":[{"name":"wp","href":"https:\/\/api.w.org\/{rel}","templated":true}]}}